{"id":400,"date":"2021-06-18T20:16:19","date_gmt":"2021-06-18T20:16:19","guid":{"rendered":"https:\/\/www.portalsus.com.br\/?page_id=400"},"modified":"2021-06-21T20:32:54","modified_gmt":"2021-06-21T20:32:54","slug":"indicador-de-realizacao-da-afericao-da-pressao-arterial","status":"publish","type":"page","link":"https:\/\/www.portalsus.com.br\/index.php\/indicador-de-realizacao-da-afericao-da-pressao-arterial\/","title":{"rendered":"Aferi\u00e7\u00e3o da Press\u00e3o Arterial"},"content":{"rendered":"\n<iframe loading=\"lazy\" width=\"1140\" height=\"600\" src=\"https:\/\/app.powerbi.com\/reportEmbed?reportId=b5ecfa29-ad7f-4388-a1b8-81ade56e44b5&amp;autoAuth=true&amp;ctid=f7d63d87-002d-492d-9bdb-d5e0bccf5a77&amp;config=eyJjbHVzdGVyVXJsIjoiaHR0cHM6Ly93YWJpLWJyYXppbC1zb3V0aC1iLXByaW1hcnktcmVkaXJlY3QuYW5hbHlzaXMud2luZG93cy5uZXQvIn0%3D\" frameborder=\"0\" allowfullscreen=\"true\"><\/iframe>\n","protected":false},"excerpt":{"rendered":"","protected":false},"author":1,"featured_media":0,"parent":0,"menu_order":0,"comment_status":"closed","ping_status":"closed","template":"","meta":[],"_links":{"self":[{"href":"https:\/\/www.portalsus.com.br\/index.php\/wp-json\/wp\/v2\/pages\/400"}],"collection":[{"href":"https:\/\/www.portalsus.com.br\/index.php\/wp-json\/wp\/v2\/pages"}],"about":[{"href":"https:\/\/www.portalsus.com.br\/index.php\/wp-json\/wp\/v2\/types\/page"}],"author":[{"embeddable":true,"href":"https:\/\/www.portalsus.com.br\/index.php\/wp-json\/wp\/v2\/users\/1"}],"replies":[{"embeddable":true,"href":"https:\/\/www.portalsus.com.br\/index.php\/wp-json\/wp\/v2\/comments?post=400"}],"version-history":[{"count":5,"href":"https:\/\/www.portalsus.com.br\/index.php\/wp-json\/wp\/v2\/pages\/400\/revisions"}],"predecessor-version":[{"id":557,"href":"https:\/\/www.portalsus.com.br\/index.php\/wp-json\/wp\/v2\/pages\/400\/revisions\/557"}],"wp:attachment":[{"href":"https:\/\/www.portalsus.com.br\/index.php\/wp-json\/wp\/v2\/media?parent=400"}],"curies":[{"name":"wp","href":"https:\/\/api.w.org\/{rel}","templated":true}]}}