{"id":16,"date":"2021-04-28T20:36:26","date_gmt":"2021-04-28T20:36:26","guid":{"rendered":"https:\/\/www.portalsus.com.br\/?page_id=16"},"modified":"2021-07-28T22:42:50","modified_gmt":"2021-07-28T22:42:50","slug":"sobre","status":"publish","type":"page","link":"https:\/\/www.portalsus.com.br\/index.php\/sobre\/","title":{"rendered":"Sobre"},"content":{"rendered":"\n<h3>Quem Somos<\/h3>\n\n\n\n<p>O PortalSus surgiu em 2019, os profissionais envolvidos possuem experi\u00eancia com mais de 10 anos em an\u00e1lises na \u00e1rea da sa\u00fade p\u00fablica e mais recentemente nos indicadores Previne Brasil, al\u00e9m de j\u00e1 atuar no armazenamento em nuvem para o sistema \u00fanico de sa\u00fade.<br>Com profissionais altamente qualificados, garantimos melhor gest\u00e3o dos servi\u00e7os prestados pelo munic\u00edpio, garantindo m\u00e1xima capta\u00e7\u00e3o de recursos junto ao Minist\u00e9rio da Sa\u00fade do Governo Federal.<\/p>\n\n\n\n<h3>Eixo Estrat\u00e9gico<\/h3>\n\n\n\n<p>Promover o avan\u00e7o tecnol\u00f3gico dos sistemas de informa\u00e7\u00e3o utilizados na capta\u00e7\u00e3o de dados da APS.<br>Monitorar e avaliar as a\u00e7\u00f5es da APS no Munic\u00edpio.<br>Aprimorar as ferramentas utilizadas por trabalhadores e gestores nas a\u00e7\u00f5es de cuidado e gest\u00e3o na APS.<br>Promover a integra\u00e7\u00e3o e a interoperabilidade com outros sistemas de informa\u00e7\u00e3o em sa\u00fade.<br>Buscar a reestrutura\u00e7\u00e3o nas formas de coleta, processamento, valida\u00e7\u00e3o e uso de informa\u00e7\u00f5es em sa\u00fade na APS.<br>Captar dados para subsidiar o financiamento e a ades\u00e3o aos programas e estrat\u00e9gias da aps.<\/p>\n","protected":false},"excerpt":{"rendered":"<p>Quem Somos O PortalSus surgiu em 2019, os profissionais envolvidos possuem experi\u00eancia com mais de 10 anos em an\u00e1lises na \u00e1rea da sa\u00fade p\u00fablica e mais recentemente nos indicadores Previne Brasil, al\u00e9m de j\u00e1 atuar no armazenamento em nuvem para o sistema \u00fanico de sa\u00fade.Com profissionais altamente qualificados, garantimos melhor gest\u00e3o dos servi\u00e7os prestados pelo&hellip; <br \/> <a class=\"read-more\" href=\"https:\/\/www.portalsus.com.br\/index.php\/sobre\/\">Read more<\/a><\/p>\n","protected":false},"author":1,"featured_media":0,"parent":0,"menu_order":0,"comment_status":"closed","ping_status":"closed","template":"","meta":[],"_links":{"self":[{"href":"https:\/\/www.portalsus.com.br\/index.php\/wp-json\/wp\/v2\/pages\/16"}],"collection":[{"href":"https:\/\/www.portalsus.com.br\/index.php\/wp-json\/wp\/v2\/pages"}],"about":[{"href":"https:\/\/www.portalsus.com.br\/index.php\/wp-json\/wp\/v2\/types\/page"}],"author":[{"embeddable":true,"href":"https:\/\/www.portalsus.com.br\/index.php\/wp-json\/wp\/v2\/users\/1"}],"replies":[{"embeddable":true,"href":"https:\/\/www.portalsus.com.br\/index.php\/wp-json\/wp\/v2\/comments?post=16"}],"version-history":[{"count":20,"href":"https:\/\/www.portalsus.com.br\/index.php\/wp-json\/wp\/v2\/pages\/16\/revisions"}],"predecessor-version":[{"id":680,"href":"https:\/\/www.portalsus.com.br\/index.php\/wp-json\/wp\/v2\/pages\/16\/revisions\/680"}],"wp:attachment":[{"href":"https:\/\/www.portalsus.com.br\/index.php\/wp-json\/wp\/v2\/media?parent=16"}],"curies":[{"name":"wp","href":"https:\/\/api.w.org\/{rel}","templated":true}]}}